{"id":1029,"date":"2025-10-06T08:24:04","date_gmt":"2025-10-06T06:24:04","guid":{"rendered":"https:\/\/sanolynx.com\/about\/"},"modified":"2025-12-17T17:03:05","modified_gmt":"2025-12-17T16:03:05","slug":"about","status":"publish","type":"page","link":"https:\/\/sanolynx.com\/en\/about\/","title":{"rendered":"About"},"content":{"rendered":"\n\n\t\t\t\t\u00c0 propos\n\t\t\t\t\t\t<h2>Pr\u00e9sentation<\/h2>\t\t\t\t\t\n\t\t\t<p>L&#8217;innovation au service des communications critiques<\/p>\t\t\n\t<p><em>sanoLynX <\/em>est une entreprise sp\u00e9cialis\u00e9e dans la conception, l&#8217;int\u00e9gration et la maintenance de solutions de communication et de s\u00e9curit\u00e9 pour les environnements \u00e0 haut niveau d&#8217;exigence, notamment <em>dans le secteur des soins de sant\u00e9.<\/em><\/p>\n<p>Nous assurons la <em>continuit\u00e9, la fiabilit\u00e9 et la performance <\/em>des infrastructures de communication critiques au sein des organisations qui doivent pouvoir compter sur <em>des syst\u00e8mes s\u00fbrs et interop\u00e9rables<\/em>.\u2028 Gr\u00e2ce \u00e0 une approche int\u00e9gr\u00e9e, <em>sanoLynX <\/em>associe expertise technique, innovation et accompagnement de proximit\u00e9 afin de garantir <em>des solutions sur mesure, conformes aux normes les plus strictes du march\u00e9.<\/em><\/p>\n\t\t\t\t<img decoding=\"async\" src=\"https:\/\/sanolynx.com\/wp-content\/uploads\/2025\/12\/sanoLynX_Vision-a-propos.jpg\" alt=\"sanoLynX_Vision-a-propos\" itemprop=\"image\" height=\"356\" width=\"510\" title=\"sanoLynX_Vision-a-propos\" onerror=\"this.style.display='none'\" loading=\"lazy\" \/>\n\t\t\t\t\t\t<h3><em>Notre<\/em> vision<\/h3>\t\t\t\t\t\n\t\t\t<p>Contribuer \u00e0 un monde o\u00f9 la communication entre les \u00e9quipes, les syst\u00e8mes et les individus se fait sans faille, m\u00eame dans les contextes les plus critiques.\u2028Nous croyons qu&#8217;une infrastructure de communication performante et s\u00e9curis\u00e9e est un pilier essentiel du bon fonctionnement des organisations de sant\u00e9, de s\u00e9curit\u00e9 et de service public. Notre vision est celle d&#8217;un environnement connect\u00e9, fiable et durable, au service de l&#8217;efficacit\u00e9 et du bien-\u00eatre collectif.<\/p>\t\t\n\t\t\t\t\t\t<h3><em>Notre<\/em> mission<\/h3>\t\t\t\t\t\n\t\t\t<p>Mettre la technologie au service de la fiabilit\u00e9 et de la r\u00e9activit\u00e9.Nous concevons et int\u00e9grons des solutions qui permettent \u00e0 nos clients de communiquer, d&#8217;alerter et de collaborer en toute s\u00e9curit\u00e9. Chaque projet vise \u00e0 renforcer la continuit\u00e9 op\u00e9rationnelle, \u00e0 simplifier la gestion des communications et \u00e0 garantir la disponibilit\u00e9 des syst\u00e8mes, quelles que soient les circonstances.<\/p>\t\t\n\t\t\t\t<img decoding=\"async\" src=\"https:\/\/sanolynx.com\/wp-content\/uploads\/2025\/12\/sanoLynX_Mission-a-propos.jpg\" alt=\"sanoLynX_Mission-a-propos\" itemprop=\"image\" height=\"359\" width=\"510\" title=\"sanoLynX_Mission-a-propos\" onerror=\"this.style.display='none'\" loading=\"lazy\" \/>\n\t\t\t\t<img decoding=\"async\" src=\"https:\/\/sanolynx.com\/wp-content\/uploads\/2025\/12\/sanoLynX_Valeurs-a-propos.png\" alt=\"sanoLynX_Valeurs-a-propos\" itemprop=\"image\" height=\"363\" width=\"510\" title=\"sanoLynX_Valeurs-a-propos\" onerror=\"this.style.display='none'\" loading=\"lazy\" \/>\n\t\t\t\t\t\t<h3><em>Notre<\/em> valeurs<\/h3>\t\t\t\t\t\n\t\t\t<ul><li><em>Excellence technique :<\/em>garantir la performance et la qualit\u00e9 de chaque solution d\u00e9ploy\u00e9e<\/li><li><em>Responsabilit\u00e9 :<\/em> assurer la s\u00e9curit\u00e9 et la fiabilit\u00e9 des syst\u00e8mes dont d\u00e9pendent des vies et des missions essentielles.<\/li><li><em>Innovation : <\/em>anticiper les besoins futurs en int\u00e9grant des technologies \u00e9volutives et durables.<\/li><li><em>Proximit\u00e9 : <\/em>accompagner chaque client avec \u00e9coute, transparence et engagement sur le long terme.<\/li><\/ul>\t\t\n\t\t\t\t\t\t<h4>Nous contacter<\/h4>\t\t\t\t\t\n                            <h2>Formulaire<\/h2>\n                            \n                        <form method='post' enctype='multipart\/form-data' target='gform_ajax_frame_1' id='gform_1'  action='https:\/\/sanolynx.com\/a-propos\/?fl_builder&#038;fl_builder_ui_iframe#gf_1' data-formid='1' novalidate>\n                        <label class='gfield_label gform-field-label' for='input_1_1'>Nom &amp; Pr\u00e9nom(N\u00e9cessaire)<\/label><input name='input_1' id='input_1_1' type='text' value='' class='large'    placeholder='Nom &amp; pr\u00e9nom *' aria-required=\"true\" aria-invalid=\"false\"   \/><label class='gfield_label gform-field-label' for='input_1_5'>E-mail(N\u00e9cessaire)<\/label>\n                            <input name='input_5' id='input_1_5' type='email' value='' class='large'   placeholder='Email *' aria-required=\"true\" aria-invalid=\"false\"  \/>\n                        <label class='gfield_label gform-field-label' for='input_1_6'>T\u00e9l\u00e9phone(N\u00e9cessaire)<\/label><input name='input_6' id='input_1_6' type='tel' value='' class='large'  placeholder='T\u00e9l\u00e9phone *' aria-required=\"true\" aria-invalid=\"false\"   \/><label class='gfield_label gform-field-label' for='input_1_7'>Sans titre(N\u00e9cessaire)<\/label><textarea name='input_7' id='input_1_7' class='textarea large'    placeholder='Message *' aria-required=\"true\" aria-invalid=\"false\"   rows='10' cols='50'><\/textarea>\n         <input type='submit' id='gform_submit_button_1' class='gform_button button' onclick='gform.submission.handleButtonClick(this);' data-submission-type='submit' value='Envoyer'  \/> <input type='hidden' name='gform_ajax' value='form_id=1&amp;title=1&amp;description=1&amp;tabindex=0&amp;theme=gravity-theme&amp;styles=[]&amp;hash=311247f3361074e9083d7fe05828f74a' \/>\n            <input type='hidden' class='gform_hidden' name='gform_submission_method' data-js='gform_submission_method_1' value='iframe' \/>\n            <input type='hidden' class='gform_hidden' name='gform_theme' data-js='gform_theme_1' id='gform_theme_1' value='gravity-theme' \/>\n            <input type='hidden' class='gform_hidden' name='gform_style_settings' data-js='gform_style_settings_1' id='gform_style_settings_1' value='[]' \/>\n            <input type='hidden' class='gform_hidden' name='is_submit_1' value='1' \/>\n            <input type='hidden' class='gform_hidden' name='gform_submit' value='1' \/>\n            <input type='hidden' class='gform_hidden' name='gform_unique_id' value='' \/>\n            <input type='hidden' class='gform_hidden' name='state_1' value='WyJbXSIsImU3ODU4OTY1NzQ0YjBiMTdhY2VkZTZhNDljYmE2NzhhIl0=' \/>\n            <input type='hidden' autocomplete='off' class='gform_hidden' name='gform_target_page_number_1' id='gform_target_page_number_1' value='0' \/>\n            <input type='hidden' autocomplete='off' class='gform_hidden' name='gform_source_page_number_1' id='gform_source_page_number_1' value='1' \/>\n            <input type='hidden' name='gform_field_values' value='' \/>\n                        <\/form>\n\t\t                <iframe style='display:none;width:0px;height:0px;' src='about:blank' name='gform_ajax_frame_1' id='gform_ajax_frame_1' title='Cette iframe contient la logique n\u00e9cessaire pour manipuler Gravity Forms avec Ajax.'><\/iframe>\n\n","protected":false},"excerpt":{"rendered":"<p>\u00c0 propos Pr\u00e9sentation L&#8217;innovation au service des communications critiques sanoLynX est une entreprise sp\u00e9cialis\u00e9e dans la conception, l&#8217;int\u00e9gration et la maintenance de solutions de communication et de s\u00e9curit\u00e9 pour les environnements \u00e0 haut niveau d&#8217;exigence, notamment dans le secteur des soins de sant\u00e9. Nous assurons la continuit\u00e9, la fiabilit\u00e9 et la performance des infrastructures de&hellip;<\/p>\n","protected":false},"author":3,"featured_media":0,"parent":0,"menu_order":0,"comment_status":"closed","ping_status":"closed","template":"","meta":{"footnotes":""},"class_list":["post-1029","page","type-page","status-publish","hentry"],"yoast_head":"<!-- This site is optimized with the Yoast SEO plugin v27.2 - https:\/\/yoast.com\/product\/yoast-seo-wordpress\/ -->\n<title>About - sanoLynX<\/title>\n<meta name=\"robots\" content=\"index, follow, max-snippet:-1, max-image-preview:large, max-video-preview:-1\" \/>\n<link rel=\"canonical\" href=\"https:\/\/sanolynx.com\/en\/about\/\" \/>\n<meta property=\"og:locale\" content=\"en_US\" \/>\n<meta property=\"og:type\" content=\"article\" \/>\n<meta property=\"og:title\" content=\"About - sanoLynX\" \/>\n<meta property=\"og:description\" content=\"\u00c0 propos Pr\u00e9sentation L&#8217;innovation au service des communications critiques sanoLynX est une entreprise sp\u00e9cialis\u00e9e dans la conception, l&#8217;int\u00e9gration et la maintenance de solutions de communication et de s\u00e9curit\u00e9 pour les environnements \u00e0 haut niveau d&#8217;exigence, notamment dans le secteur des soins de sant\u00e9. Nous assurons la continuit\u00e9, la fiabilit\u00e9 et la performance des infrastructures de&hellip;\" \/>\n<meta property=\"og:url\" content=\"https:\/\/sanolynx.com\/en\/about\/\" \/>\n<meta property=\"og:site_name\" content=\"sanoLynX\" \/>\n<meta property=\"article:modified_time\" content=\"2025-12-17T16:03:05+00:00\" \/>\n<meta property=\"og:image\" content=\"https:\/\/sanolynx.com\/wp-content\/uploads\/2025\/12\/sanoLynX_Vision-a-propos.jpg\" \/>\n<meta name=\"twitter:card\" content=\"summary_large_image\" \/>\n<meta name=\"twitter:label1\" content=\"Est. reading time\" \/>\n\t<meta name=\"twitter:data1\" content=\"2 minutes\" \/>\n<script type=\"application\/ld+json\" class=\"yoast-schema-graph\">{\"@context\":\"https:\/\/schema.org\",\"@graph\":[{\"@type\":\"WebPage\",\"@id\":\"https:\/\/sanolynx.com\/en\/about\/\",\"url\":\"https:\/\/sanolynx.com\/en\/about\/\",\"name\":\"About - sanoLynX\",\"isPartOf\":{\"@id\":\"https:\/\/sanolynx.com\/en\/#website\"},\"primaryImageOfPage\":{\"@id\":\"https:\/\/sanolynx.com\/en\/about\/#primaryimage\"},\"image\":{\"@id\":\"https:\/\/sanolynx.com\/en\/about\/#primaryimage\"},\"thumbnailUrl\":\"https:\/\/sanolynx.com\/wp-content\/uploads\/2025\/12\/sanoLynX_Vision-a-propos.jpg\",\"datePublished\":\"2025-10-06T06:24:04+00:00\",\"dateModified\":\"2025-12-17T16:03:05+00:00\",\"breadcrumb\":{\"@id\":\"https:\/\/sanolynx.com\/en\/about\/#breadcrumb\"},\"inLanguage\":\"en-US\",\"potentialAction\":[{\"@type\":\"ReadAction\",\"target\":[\"https:\/\/sanolynx.com\/en\/about\/\"]}]},{\"@type\":\"ImageObject\",\"inLanguage\":\"en-US\",\"@id\":\"https:\/\/sanolynx.com\/en\/about\/#primaryimage\",\"url\":\"https:\/\/sanolynx.com\/wp-content\/uploads\/2025\/12\/sanoLynX_Vision-a-propos.jpg\",\"contentUrl\":\"https:\/\/sanolynx.com\/wp-content\/uploads\/2025\/12\/sanoLynX_Vision-a-propos.jpg\"},{\"@type\":\"BreadcrumbList\",\"@id\":\"https:\/\/sanolynx.com\/en\/about\/#breadcrumb\",\"itemListElement\":[{\"@type\":\"ListItem\",\"position\":1,\"name\":\"Accueil\",\"item\":\"https:\/\/sanolynx.com\/en\/\"},{\"@type\":\"ListItem\",\"position\":2,\"name\":\"About\"}]},{\"@type\":\"WebSite\",\"@id\":\"https:\/\/sanolynx.com\/en\/#website\",\"url\":\"https:\/\/sanolynx.com\/en\/\",\"name\":\"sanoLynX\",\"description\":\"Communication innovante. Meilleurs soins.\",\"publisher\":{\"@id\":\"https:\/\/sanolynx.com\/en\/#organization\"},\"alternateName\":\"sanoLynX\",\"potentialAction\":[{\"@type\":\"SearchAction\",\"target\":{\"@type\":\"EntryPoint\",\"urlTemplate\":\"https:\/\/sanolynx.com\/en\/?s={search_term_string}\"},\"query-input\":{\"@type\":\"PropertyValueSpecification\",\"valueRequired\":true,\"valueName\":\"search_term_string\"}}],\"inLanguage\":\"en-US\"},{\"@type\":\"Organization\",\"@id\":\"https:\/\/sanolynx.com\/en\/#organization\",\"name\":\"sanoLynX\",\"alternateName\":\"sanoLynX\",\"url\":\"https:\/\/sanolynx.com\/en\/\",\"logo\":{\"@type\":\"ImageObject\",\"inLanguage\":\"en-US\",\"@id\":\"https:\/\/sanolynx.com\/en\/#\/schema\/logo\/image\/\",\"url\":\"https:\/\/sanolynx.com\/wp-content\/uploads\/2025\/12\/sanoLynX_favicon.svg\",\"contentUrl\":\"https:\/\/sanolynx.com\/wp-content\/uploads\/2025\/12\/sanoLynX_favicon.svg\",\"width\":1,\"height\":1,\"caption\":\"sanoLynX\"},\"image\":{\"@id\":\"https:\/\/sanolynx.com\/en\/#\/schema\/logo\/image\/\"}}]}<\/script>\n<!-- \/ Yoast SEO plugin. -->","yoast_head_json":{"title":"About - sanoLynX","robots":{"index":"index","follow":"follow","max-snippet":"max-snippet:-1","max-image-preview":"max-image-preview:large","max-video-preview":"max-video-preview:-1"},"canonical":"https:\/\/sanolynx.com\/en\/about\/","og_locale":"en_US","og_type":"article","og_title":"About - sanoLynX","og_description":"\u00c0 propos Pr\u00e9sentation L&#8217;innovation au service des communications critiques sanoLynX est une entreprise sp\u00e9cialis\u00e9e dans la conception, l&#8217;int\u00e9gration et la maintenance de solutions de communication et de s\u00e9curit\u00e9 pour les environnements \u00e0 haut niveau d&#8217;exigence, notamment dans le secteur des soins de sant\u00e9. Nous assurons la continuit\u00e9, la fiabilit\u00e9 et la performance des infrastructures de&hellip;","og_url":"https:\/\/sanolynx.com\/en\/about\/","og_site_name":"sanoLynX","article_modified_time":"2025-12-17T16:03:05+00:00","og_image":[{"url":"https:\/\/sanolynx.com\/wp-content\/uploads\/2025\/12\/sanoLynX_Vision-a-propos.jpg","type":"","width":"","height":""}],"twitter_card":"summary_large_image","twitter_misc":{"Est. reading time":"2 minutes"},"schema":{"@context":"https:\/\/schema.org","@graph":[{"@type":"WebPage","@id":"https:\/\/sanolynx.com\/en\/about\/","url":"https:\/\/sanolynx.com\/en\/about\/","name":"About - sanoLynX","isPartOf":{"@id":"https:\/\/sanolynx.com\/en\/#website"},"primaryImageOfPage":{"@id":"https:\/\/sanolynx.com\/en\/about\/#primaryimage"},"image":{"@id":"https:\/\/sanolynx.com\/en\/about\/#primaryimage"},"thumbnailUrl":"https:\/\/sanolynx.com\/wp-content\/uploads\/2025\/12\/sanoLynX_Vision-a-propos.jpg","datePublished":"2025-10-06T06:24:04+00:00","dateModified":"2025-12-17T16:03:05+00:00","breadcrumb":{"@id":"https:\/\/sanolynx.com\/en\/about\/#breadcrumb"},"inLanguage":"en-US","potentialAction":[{"@type":"ReadAction","target":["https:\/\/sanolynx.com\/en\/about\/"]}]},{"@type":"ImageObject","inLanguage":"en-US","@id":"https:\/\/sanolynx.com\/en\/about\/#primaryimage","url":"https:\/\/sanolynx.com\/wp-content\/uploads\/2025\/12\/sanoLynX_Vision-a-propos.jpg","contentUrl":"https:\/\/sanolynx.com\/wp-content\/uploads\/2025\/12\/sanoLynX_Vision-a-propos.jpg"},{"@type":"BreadcrumbList","@id":"https:\/\/sanolynx.com\/en\/about\/#breadcrumb","itemListElement":[{"@type":"ListItem","position":1,"name":"Accueil","item":"https:\/\/sanolynx.com\/en\/"},{"@type":"ListItem","position":2,"name":"About"}]},{"@type":"WebSite","@id":"https:\/\/sanolynx.com\/en\/#website","url":"https:\/\/sanolynx.com\/en\/","name":"sanoLynX","description":"Communication innovante. Meilleurs soins.","publisher":{"@id":"https:\/\/sanolynx.com\/en\/#organization"},"alternateName":"sanoLynX","potentialAction":[{"@type":"SearchAction","target":{"@type":"EntryPoint","urlTemplate":"https:\/\/sanolynx.com\/en\/?s={search_term_string}"},"query-input":{"@type":"PropertyValueSpecification","valueRequired":true,"valueName":"search_term_string"}}],"inLanguage":"en-US"},{"@type":"Organization","@id":"https:\/\/sanolynx.com\/en\/#organization","name":"sanoLynX","alternateName":"sanoLynX","url":"https:\/\/sanolynx.com\/en\/","logo":{"@type":"ImageObject","inLanguage":"en-US","@id":"https:\/\/sanolynx.com\/en\/#\/schema\/logo\/image\/","url":"https:\/\/sanolynx.com\/wp-content\/uploads\/2025\/12\/sanoLynX_favicon.svg","contentUrl":"https:\/\/sanolynx.com\/wp-content\/uploads\/2025\/12\/sanoLynX_favicon.svg","width":1,"height":1,"caption":"sanoLynX"},"image":{"@id":"https:\/\/sanolynx.com\/en\/#\/schema\/logo\/image\/"}}]}},"_links":{"self":[{"href":"https:\/\/sanolynx.com\/en\/wp-json\/wp\/v2\/pages\/1029","targetHints":{"allow":["GET"]}}],"collection":[{"href":"https:\/\/sanolynx.com\/en\/wp-json\/wp\/v2\/pages"}],"about":[{"href":"https:\/\/sanolynx.com\/en\/wp-json\/wp\/v2\/types\/page"}],"author":[{"embeddable":true,"href":"https:\/\/sanolynx.com\/en\/wp-json\/wp\/v2\/users\/3"}],"replies":[{"embeddable":true,"href":"https:\/\/sanolynx.com\/en\/wp-json\/wp\/v2\/comments?post=1029"}],"version-history":[{"count":1,"href":"https:\/\/sanolynx.com\/en\/wp-json\/wp\/v2\/pages\/1029\/revisions"}],"predecessor-version":[{"id":1213,"href":"https:\/\/sanolynx.com\/en\/wp-json\/wp\/v2\/pages\/1029\/revisions\/1213"}],"wp:attachment":[{"href":"https:\/\/sanolynx.com\/en\/wp-json\/wp\/v2\/media?parent=1029"}],"curies":[{"name":"wp","href":"https:\/\/api.w.org\/{rel}","templated":true}]}}