{"id":1025,"date":"2025-10-06T08:23:30","date_gmt":"2025-10-06T06:23:30","guid":{"rendered":"https:\/\/sanolynx.com\/services\/"},"modified":"2025-12-17T17:04:57","modified_gmt":"2025-12-17T16:04:57","slug":"services","status":"publish","type":"page","link":"https:\/\/sanolynx.com\/en\/services\/","title":{"rendered":"Services"},"content":{"rendered":"\n\n\t\t<h2>\n\t\t\t<em>Nos <\/em> services.\n\t\t<\/h2>\n\t\t\t<p>Plus de 500 organisations (actives dans les soins de sant\u00e9) font quotidiennement appel \u00e0 nos services pour permettre \u00e0 leurs professionnels de communiquer de mani\u00e8re fluide avec leurs patients, clients, r\u00e9sidents et visiteurs.<\/p>\t\t\n\t\t\t\t\t\t<a href=\"https:\/\/sanolynx.com\/localisation\/\" target=\"_self\" aria-label=\"Localisation\">\n\t\t\t\t\t\t\t<img decoding=\"async\" src=\"https:\/\/sanolynx.com\/wp-content\/uploads\/2025\/10\/Localisation.svg\" alt=\"Localisation\" \/>\n\t\t\t\t\t\t<\/a>\n\t\t\t\t\t\t<h4><a href=\"https:\/\/sanolynx.com\/localisation\/\" target=\"_self\">Localisation<\/a><\/h4>\t\t\t\t\t\n\t\t\t<p>Dans les environnements de soins, la capacit\u00e9 \u00e0 localiser rapidement est un gain de temps vital. Le service de <em><strong>localisation<\/strong><\/em> de sanoLynX englobe la d\u00e9tection anti-fugue pour la s\u00e9curit\u00e9 des r\u00e9sidents, le suivi des dispositifs m\u00e9dicaux pour une gestion des ressources efficace.<\/p>\t\t\n\t<ul>\n    <a href=\"https:\/\/sanolynx.com\/localisation\/#anti-fugue\"><li>D\u00e9tection anti-fugue \u00bb <\/li><\/a>\n      <a href=\"https:\/\/sanolynx.com\/localisation\/#medicaux\"><li>Localisation des dispositifs m\u00e9dicaux \u00bb<\/li><\/a>\n     <a href=\"https:\/\/sanolynx.com\/localisation\/#signalisation\"><li>Wayfinding et signalisation \u00bb <\/li><\/a>\n    <a href=\"https:\/\/sanolynx.com\/localisation\/#management\"><li>Track &#038; trace management \u00bb<\/li><\/a>\n<\/ul>\n\t\t\t\t\t\t<a href=\"https:\/\/sanolynx.com\/communication-voice-video\/\" target=\"_self\" aria-label=\"Communication &lt;br \/&gt;Voice &amp; vid\u00e9o\">\n\t\t\t\t\t\t\t<img decoding=\"async\" src=\"https:\/\/sanolynx.com\/wp-content\/uploads\/2025\/10\/communication.svg\" alt=\"communication_sanoLynx\" \/>\n\t\t\t\t\t\t<\/a>\n\t\t\t\t\t\t<h4><a href=\"https:\/\/sanolynx.com\/communication-voice-video\/\" target=\"_self\">Communication <br \/>Voice &#038; vid\u00e9o<\/a><\/h4>\t\t\t\t\t\n\t\t\t<p>La communication est au c\u0153ur de la prestation de soins. sanoLynX propose une suite compl\u00e8te de solutions pour une interaction fluide et fiable. Notre offre inclut la t\u00e9l\u00e9phonie VoIP pour une communication interne limpide et bien plus encore !<\/p>\t\t\n\t<ul>\n    <a href=\"https:\/\/sanolynx.com\/communication-voice-video\/#voip\"><li>T\u00e9l\u00e9phonie VoIP \u00bb <\/li><\/a>\n    <a href=\"https:\/\/sanolynx.com\/communication-voice-video\/#mobile\"><li>T\u00e9l\u00e9phonie mobile \u00bb<\/li><\/a>\n    <a href=\"https:\/\/sanolynx.com\/communication-voice-video\/#video\"><li>Communication vid\u00e9o \u00bb  <\/li><\/a>\n    <a href=\"https:\/\/sanolynx.com\/communication-voice-video\/#dialogue\"><li>Connexion dialogue\/\u00e9coute \u00bb<\/li><\/a>\n<\/ul>\n\t\t\t\t\t\t<a href=\"https:\/\/sanolynx.com\/appels-durgence\/\" target=\"_self\" aria-label=\"Appels d'urgence\">\n\t\t\t\t\t\t\t<img decoding=\"async\" src=\"https:\/\/sanolynx.com\/wp-content\/uploads\/2025\/10\/urgence.svg\" alt=\"urgence\" \/>\n\t\t\t\t\t\t<\/a>\n\t\t\t\t\t\t<h4><a href=\"https:\/\/sanolynx.com\/appels-durgence\/\" target=\"_self\">Appels d&#8217;urgence<\/a><\/h4>\t\t\t\t\t\n\t\t\t<p>Assurer la s\u00e9curit\u00e9 des r\u00e9sidents et des patients est notre priorit\u00e9. sanoLynX fournit des syst\u00e8mes d&#8217;appels d&#8217;urgence cruciaux pour les institutions de soins. Notre solution comprend le syst\u00e8me d&#8217;appel infirmi\u00e8re innovant et les appels m\u00e9dicaux.<\/p>\t\t\n\t<ul>\n   <a href=\"https:\/\/sanolynx.com\/appels-durgence\/#appel\"> <li>Syst\u00e8me d&#8217;appel infirmi\u00e8re \u00bb <\/li><\/a>\n    <a href=\"https:\/\/sanolynx.com\/appels-durgence\/#appel-medical\"> <li>Syst\u00e8me d&#8217;appel m\u00e9dical \u00bb <\/li><\/a>\n     <a href=\"https:\/\/sanolynx.com\/appels-durgence\/#urgence\"><li>Centre d&#8217;appels d&#8217;urgence et distribution \u00bb <\/li><\/a>\n     <a href=\"https:\/\/sanolynx.com\/appels-durgence\/#panique\"><li>Appel de panique \u00bb<\/li><\/a>\n<\/ul>\n\t\t\t\t\t\t<a href=\"https:\/\/sanolynx.com\/it-networking\/\" target=\"_self\" aria-label=\"IT &amp; Networking\">\n\t\t\t\t\t\t\t<img decoding=\"async\" src=\"https:\/\/sanolynx.com\/wp-content\/uploads\/2025\/10\/IT.svg\" alt=\"IT\" \/>\n\t\t\t\t\t\t<\/a>\n\t\t\t\t\t\t<h4><a href=\"https:\/\/sanolynx.com\/it-networking\/\" target=\"_self\">IT &#038; Networking<\/a><\/h4>\t\t\t\t\t\n\t\t\t<p>La num\u00e9risation est le socle de soins rapides et de haute qualit\u00e9. sanoLynX con\u00e7oit et d\u00e9ploie l&#8217;infrastructure technologique essentielle pour votre institution. Nous installons un r\u00e9seau WiFi fiable et dense, qui sert de colonne vert\u00e9brale \u00e0 toutes vos applications.<\/p>\t\t\n\t<ul>\n    <a href=\"https:\/\/sanolynx.com\/it-networking\/#wifi\"><li>Wifi \u00bb <\/li><\/a>\n      <a href=\"https:\/\/sanolynx.com\/it-networking\/#commutation\"><li>Backbone et commutation \u00bb  <\/li><\/a>\n      <a href=\"https:\/\/sanolynx.com\/it-networking\/#securite\"><li>Pare-feu et s\u00e9curit\u00e9 \u00bb<\/li><\/a>\n<\/ul>\n\t\t\t\t\t\t<a href=\"https:\/\/sanolynx.com\/signalisation-numerique\/\" target=\"_self\" aria-label=\"Signalisation num\u00e9rique\">\n\t\t\t\t\t\t\t<img decoding=\"async\" src=\"https:\/\/sanolynx.com\/wp-content\/uploads\/2025\/10\/Signalisation.svg\" alt=\"Signalisation_sanoLynX\" \/>\n\t\t\t\t\t\t<\/a>\n\t\t\t\t\t\t<h4><a href=\"https:\/\/sanolynx.com\/signalisation-numerique\/\" target=\"_self\">Signalisation num\u00e9rique<\/a><\/h4>\t\t\t\t\t\n\t\t\t<p>Am\u00e9liorez la clart\u00e9 et l&#8217;impact de votre communication avec la signalisation num\u00e9rique. sanoLynX vous permet de diffuser des informations dynamiques et visuelles destin\u00e9es aux visiteurs, au personnel et aux patients.<\/p>\t\t\n\t<ul>\n   <a href=\"https:\/\/sanolynx.com\/signalisation-numerique\/#numerique\"> <li>Signalisation num\u00e9rique \u00bb <\/li><\/a>\n    <a href=\"https:\/\/sanolynx.com\/signalisation-numerique\/#signalisation\"> <li>Wayfinding &#038; signalisation \u00bb <\/li><\/a>\n     <a href=\"https:\/\/sanolynx.com\/signalisation-numerique\/#iptv\"><li>T\u00e9l\u00e9vision num\u00e9rique et iptv \u00bb <\/li><\/a>\n     <a href=\"https:\/\/sanolynx.com\/signalisation-numerique\/#interactive\"><li>T\u00e9l\u00e9vision interactive \u00bb<\/li><\/a>\n<\/ul>\n\t\t\t\t\t\t<a href=\"https:\/\/sanolynx.com\/securite\/\" target=\"_self\" aria-label=\"s\u00e9curit\u00e9\">\n\t\t\t\t\t\t\t<img decoding=\"async\" src=\"https:\/\/sanolynx.com\/wp-content\/uploads\/2025\/10\/securite.svg\" alt=\"securite_sanoLynX\" \/>\n\t\t\t\t\t\t<\/a>\n\t\t\t\t\t\t<h4><a href=\"https:\/\/sanolynx.com\/securite\/\" target=\"_self\">s\u00e9curit\u00e9<\/a><\/h4>\t\t\t\t\t\n\t\t\t<p>La s\u00e9curit\u00e9 physique est une composante essentielle de la s\u00e9r\u00e9nit\u00e9 au sein de votre \u00e9tablissement. sanoLynX propose des solutions int\u00e9gr\u00e9es pour prot\u00e9ger vos b\u00e2timents et contr\u00f4ler les acc\u00e8s.<\/p>\t\t\n\t<ul>\n   <a href=\"https:\/\/sanolynx.com\/securite\/#surveillance\"> <li>D\u00e9tection et surveillance \u00bb <\/li><\/a>\n     <a href=\"https:\/\/sanolynx.com\/securite\/#acces\"> <li>Contr\u00f4le d&#8217;acc\u00e8s \u00bb <\/li><\/a>\n     <a href=\"https:\/\/sanolynx.com\/securite\/#urgence\"> <li>\u00c9clairage et \u00e9vacuation d&#8217;urgence \u00bb<\/li><\/a>\n<\/ul>\n\n","protected":false},"excerpt":{"rendered":"<p>Nos services. Plus de 500 organisations (actives dans les soins de sant\u00e9) font quotidiennement appel \u00e0 nos services pour permettre \u00e0 leurs professionnels de communiquer de mani\u00e8re fluide avec leurs patients, clients, r\u00e9sidents et visiteurs. Localisation Dans les environnements de soins, la capacit\u00e9 \u00e0 localiser rapidement est un gain de temps vital. Le service de&hellip;<\/p>\n","protected":false},"author":3,"featured_media":1024,"parent":0,"menu_order":0,"comment_status":"closed","ping_status":"closed","template":"","meta":{"footnotes":""},"class_list":["post-1025","page","type-page","status-publish","has-post-thumbnail","hentry"],"yoast_head":"<!-- This site is optimized with the Yoast SEO plugin v27.2 - https:\/\/yoast.com\/product\/yoast-seo-wordpress\/ -->\n<title>Services - sanoLynX<\/title>\n<meta name=\"robots\" content=\"index, follow, max-snippet:-1, max-image-preview:large, max-video-preview:-1\" \/>\n<link rel=\"canonical\" href=\"https:\/\/sanolynx.com\/en\/services\/\" \/>\n<meta property=\"og:locale\" content=\"en_US\" \/>\n<meta property=\"og:type\" content=\"article\" \/>\n<meta property=\"og:title\" content=\"Services - sanoLynX\" \/>\n<meta property=\"og:description\" content=\"Nos services. Plus de 500 organisations (actives dans les soins de sant\u00e9) font quotidiennement appel \u00e0 nos services pour permettre \u00e0 leurs professionnels de communiquer de mani\u00e8re fluide avec leurs patients, clients, r\u00e9sidents et visiteurs. Localisation Dans les environnements de soins, la capacit\u00e9 \u00e0 localiser rapidement est un gain de temps vital. Le service de&hellip;\" \/>\n<meta property=\"og:url\" content=\"https:\/\/sanolynx.com\/en\/services\/\" \/>\n<meta property=\"og:site_name\" content=\"sanoLynX\" \/>\n<meta property=\"article:modified_time\" content=\"2025-12-17T16:04:57+00:00\" \/>\n<meta property=\"og:image\" content=\"https:\/\/sanolynx.com\/wp-content\/uploads\/2025\/12\/SanoLynx_logo-1.jpg\" \/>\n\t<meta property=\"og:image:width\" content=\"1200\" \/>\n\t<meta property=\"og:image:height\" content=\"630\" \/>\n\t<meta property=\"og:image:type\" content=\"image\/jpeg\" \/>\n<meta name=\"twitter:card\" content=\"summary_large_image\" \/>\n<meta name=\"twitter:label1\" content=\"Est. reading time\" \/>\n\t<meta name=\"twitter:data1\" content=\"2 minutes\" \/>\n<script type=\"application\/ld+json\" class=\"yoast-schema-graph\">{\"@context\":\"https:\/\/schema.org\",\"@graph\":[{\"@type\":\"WebPage\",\"@id\":\"https:\/\/sanolynx.com\/en\/services\/\",\"url\":\"https:\/\/sanolynx.com\/en\/services\/\",\"name\":\"Services - sanoLynX\",\"isPartOf\":{\"@id\":\"https:\/\/sanolynx.com\/en\/#website\"},\"primaryImageOfPage\":{\"@id\":\"https:\/\/sanolynx.com\/en\/services\/#primaryimage\"},\"image\":{\"@id\":\"https:\/\/sanolynx.com\/en\/services\/#primaryimage\"},\"thumbnailUrl\":\"https:\/\/sanolynx.com\/wp-content\/uploads\/2025\/10\/communication-h.svg\",\"datePublished\":\"2025-10-06T06:23:30+00:00\",\"dateModified\":\"2025-12-17T16:04:57+00:00\",\"breadcrumb\":{\"@id\":\"https:\/\/sanolynx.com\/en\/services\/#breadcrumb\"},\"inLanguage\":\"en-US\",\"potentialAction\":[{\"@type\":\"ReadAction\",\"target\":[\"https:\/\/sanolynx.com\/en\/services\/\"]}]},{\"@type\":\"ImageObject\",\"inLanguage\":\"en-US\",\"@id\":\"https:\/\/sanolynx.com\/en\/services\/#primaryimage\",\"url\":\"https:\/\/sanolynx.com\/wp-content\/uploads\/2025\/10\/communication-h.svg\",\"contentUrl\":\"https:\/\/sanolynx.com\/wp-content\/uploads\/2025\/10\/communication-h.svg\",\"caption\":\"sanoLynX_communication\"},{\"@type\":\"BreadcrumbList\",\"@id\":\"https:\/\/sanolynx.com\/en\/services\/#breadcrumb\",\"itemListElement\":[{\"@type\":\"ListItem\",\"position\":1,\"name\":\"Accueil\",\"item\":\"https:\/\/sanolynx.com\/en\/\"},{\"@type\":\"ListItem\",\"position\":2,\"name\":\"Services\"}]},{\"@type\":\"WebSite\",\"@id\":\"https:\/\/sanolynx.com\/en\/#website\",\"url\":\"https:\/\/sanolynx.com\/en\/\",\"name\":\"sanoLynX\",\"description\":\"Communication innovante. Meilleurs soins.\",\"publisher\":{\"@id\":\"https:\/\/sanolynx.com\/en\/#organization\"},\"alternateName\":\"sanoLynX\",\"potentialAction\":[{\"@type\":\"SearchAction\",\"target\":{\"@type\":\"EntryPoint\",\"urlTemplate\":\"https:\/\/sanolynx.com\/en\/?s={search_term_string}\"},\"query-input\":{\"@type\":\"PropertyValueSpecification\",\"valueRequired\":true,\"valueName\":\"search_term_string\"}}],\"inLanguage\":\"en-US\"},{\"@type\":\"Organization\",\"@id\":\"https:\/\/sanolynx.com\/en\/#organization\",\"name\":\"sanoLynX\",\"alternateName\":\"sanoLynX\",\"url\":\"https:\/\/sanolynx.com\/en\/\",\"logo\":{\"@type\":\"ImageObject\",\"inLanguage\":\"en-US\",\"@id\":\"https:\/\/sanolynx.com\/en\/#\/schema\/logo\/image\/\",\"url\":\"https:\/\/sanolynx.com\/wp-content\/uploads\/2025\/12\/sanoLynX_favicon.svg\",\"contentUrl\":\"https:\/\/sanolynx.com\/wp-content\/uploads\/2025\/12\/sanoLynX_favicon.svg\",\"width\":1,\"height\":1,\"caption\":\"sanoLynX\"},\"image\":{\"@id\":\"https:\/\/sanolynx.com\/en\/#\/schema\/logo\/image\/\"}}]}<\/script>\n<!-- \/ Yoast SEO plugin. -->","yoast_head_json":{"title":"Services - sanoLynX","robots":{"index":"index","follow":"follow","max-snippet":"max-snippet:-1","max-image-preview":"max-image-preview:large","max-video-preview":"max-video-preview:-1"},"canonical":"https:\/\/sanolynx.com\/en\/services\/","og_locale":"en_US","og_type":"article","og_title":"Services - sanoLynX","og_description":"Nos services. Plus de 500 organisations (actives dans les soins de sant\u00e9) font quotidiennement appel \u00e0 nos services pour permettre \u00e0 leurs professionnels de communiquer de mani\u00e8re fluide avec leurs patients, clients, r\u00e9sidents et visiteurs. Localisation Dans les environnements de soins, la capacit\u00e9 \u00e0 localiser rapidement est un gain de temps vital. Le service de&hellip;","og_url":"https:\/\/sanolynx.com\/en\/services\/","og_site_name":"sanoLynX","article_modified_time":"2025-12-17T16:04:57+00:00","og_image":[{"width":1200,"height":630,"url":"https:\/\/sanolynx.com\/wp-content\/uploads\/2025\/12\/SanoLynx_logo-1.jpg","type":"image\/jpeg"}],"twitter_card":"summary_large_image","twitter_misc":{"Est. reading time":"2 minutes"},"schema":{"@context":"https:\/\/schema.org","@graph":[{"@type":"WebPage","@id":"https:\/\/sanolynx.com\/en\/services\/","url":"https:\/\/sanolynx.com\/en\/services\/","name":"Services - sanoLynX","isPartOf":{"@id":"https:\/\/sanolynx.com\/en\/#website"},"primaryImageOfPage":{"@id":"https:\/\/sanolynx.com\/en\/services\/#primaryimage"},"image":{"@id":"https:\/\/sanolynx.com\/en\/services\/#primaryimage"},"thumbnailUrl":"https:\/\/sanolynx.com\/wp-content\/uploads\/2025\/10\/communication-h.svg","datePublished":"2025-10-06T06:23:30+00:00","dateModified":"2025-12-17T16:04:57+00:00","breadcrumb":{"@id":"https:\/\/sanolynx.com\/en\/services\/#breadcrumb"},"inLanguage":"en-US","potentialAction":[{"@type":"ReadAction","target":["https:\/\/sanolynx.com\/en\/services\/"]}]},{"@type":"ImageObject","inLanguage":"en-US","@id":"https:\/\/sanolynx.com\/en\/services\/#primaryimage","url":"https:\/\/sanolynx.com\/wp-content\/uploads\/2025\/10\/communication-h.svg","contentUrl":"https:\/\/sanolynx.com\/wp-content\/uploads\/2025\/10\/communication-h.svg","caption":"sanoLynX_communication"},{"@type":"BreadcrumbList","@id":"https:\/\/sanolynx.com\/en\/services\/#breadcrumb","itemListElement":[{"@type":"ListItem","position":1,"name":"Accueil","item":"https:\/\/sanolynx.com\/en\/"},{"@type":"ListItem","position":2,"name":"Services"}]},{"@type":"WebSite","@id":"https:\/\/sanolynx.com\/en\/#website","url":"https:\/\/sanolynx.com\/en\/","name":"sanoLynX","description":"Communication innovante. Meilleurs soins.","publisher":{"@id":"https:\/\/sanolynx.com\/en\/#organization"},"alternateName":"sanoLynX","potentialAction":[{"@type":"SearchAction","target":{"@type":"EntryPoint","urlTemplate":"https:\/\/sanolynx.com\/en\/?s={search_term_string}"},"query-input":{"@type":"PropertyValueSpecification","valueRequired":true,"valueName":"search_term_string"}}],"inLanguage":"en-US"},{"@type":"Organization","@id":"https:\/\/sanolynx.com\/en\/#organization","name":"sanoLynX","alternateName":"sanoLynX","url":"https:\/\/sanolynx.com\/en\/","logo":{"@type":"ImageObject","inLanguage":"en-US","@id":"https:\/\/sanolynx.com\/en\/#\/schema\/logo\/image\/","url":"https:\/\/sanolynx.com\/wp-content\/uploads\/2025\/12\/sanoLynX_favicon.svg","contentUrl":"https:\/\/sanolynx.com\/wp-content\/uploads\/2025\/12\/sanoLynX_favicon.svg","width":1,"height":1,"caption":"sanoLynX"},"image":{"@id":"https:\/\/sanolynx.com\/en\/#\/schema\/logo\/image\/"}}]}},"_links":{"self":[{"href":"https:\/\/sanolynx.com\/en\/wp-json\/wp\/v2\/pages\/1025","targetHints":{"allow":["GET"]}}],"collection":[{"href":"https:\/\/sanolynx.com\/en\/wp-json\/wp\/v2\/pages"}],"about":[{"href":"https:\/\/sanolynx.com\/en\/wp-json\/wp\/v2\/types\/page"}],"author":[{"embeddable":true,"href":"https:\/\/sanolynx.com\/en\/wp-json\/wp\/v2\/users\/3"}],"replies":[{"embeddable":true,"href":"https:\/\/sanolynx.com\/en\/wp-json\/wp\/v2\/comments?post=1025"}],"version-history":[{"count":1,"href":"https:\/\/sanolynx.com\/en\/wp-json\/wp\/v2\/pages\/1025\/revisions"}],"predecessor-version":[{"id":1214,"href":"https:\/\/sanolynx.com\/en\/wp-json\/wp\/v2\/pages\/1025\/revisions\/1214"}],"wp:featuredmedia":[{"embeddable":true,"href":"https:\/\/sanolynx.com\/en\/wp-json\/wp\/v2\/media\/1024"}],"wp:attachment":[{"href":"https:\/\/sanolynx.com\/en\/wp-json\/wp\/v2\/media?parent=1025"}],"curies":[{"name":"wp","href":"https:\/\/api.w.org\/{rel}","templated":true}]}}